{"id":62,"date":"2025-05-21T03:23:48","date_gmt":"2025-05-21T10:23:48","guid":{"rendered":"https:\/\/counsellingconcepts.ca\/decolonizing-health-healing-care\/?page_id=62"},"modified":"2025-05-23T07:15:20","modified_gmt":"2025-05-23T14:15:20","slug":"book-editors-authors","status":"publish","type":"page","link":"https:\/\/counsellingconcepts.ca\/decolonizing-health-healing-care\/book-editors-authors\/","title":{"rendered":"Book Editors\/Authors"},"content":{"rendered":"\n<div class=\"wp-block-cover alignfull is-light has-contrast-color has-text-color has-link-color wp-elements-329731cb67c803592f6af75db9bc3821\" style=\"margin-top:0;margin-bottom:0;padding-top:var(--wp--preset--spacing--60);padding-right:var(--wp--preset--spacing--50);padding-bottom:var(--wp--preset--spacing--60);padding-left:var(--wp--preset--spacing--50)\"><span aria-hidden=\"true\" class=\"wp-block-cover__background has-base-background-color has-background-dim-100 has-background-dim\"><\/span><div class=\"wp-block-cover__inner-container has-global-padding is-layout-constrained wp-container-core-cover-is-layout-873ee6b1 wp-block-cover-is-layout-constrained\">\n<div class=\"wp-block-columns alignwide is-layout-flex wp-container-core-columns-is-layout-f7efdb5d wp-block-columns-is-layout-flex\">\n<div class=\"wp-block-column is-layout-flow wp-block-column-is-layout-flow\" style=\"flex-basis:65%\">\n<div class=\"wp-block-group is-vertical is-content-justification-stretch is-layout-flex wp-container-core-group-is-layout-353c4f5a wp-block-group-is-layout-flex\">\n<h4 class=\"wp-block-heading has-text-align-left\" style=\"font-size:clamp(1.502rem, 1.502rem + ((1vw - 0.2rem) * 1.565), 2.5rem);font-style:normal;font-weight:300;letter-spacing:-0.03em;line-height:1.4\">Sandra Collins (she\/her), PhD<\/h4>\n\n\n\n<p class=\"is-style-text-subtitle is-style-text-subtitle--2\">I write from the perspective of a feminist, lesbian, cisgender, woman with an invisible disability, who is semiretired, white, and inhabits a privileged social class. I am also positioned by my European heritage and consequent settler relationship to coloniality and my atheist belief system. I respectfully acknowledge the unceded ancestral lands of the L\u0259k\u0313\u02b7\u0259\u014b\u0259n People, known today as the Esquimalt and Songhees Nations, where I live and work as an uninvited guest. I am grateful for all that I have learned and unlearned through my relationship with Melissa and each of the other collaborators in this work. It has been a labour of love in so many ways. I retired in 2023 as a professor at Athabasca University and in 2025 from active practice as a psychologist. Over the 25 years of my academic and professional career I focused my research, writing, and teaching on cultural responsivity and social justice in theory and practice; this is my fifth book on these topics. I also specialized in counsellor education, particularly online and blended learning and open-source resources. Now that this book is complete I plan to spend more of my time enjoying other aspects of my life with my spouse, Glo Kelly, including gardening, painting, being in nature, and engaging in other creative projects! I remain committed to justice-doing and justice-seeking, and I am curious to see what the future brings for me as I continue my path as a disruptor committed to social change.<\/p>\n<\/div>\n<\/div>\n\n\n\n<div class=\"wp-block-column is-layout-flow wp-block-column-is-layout-flow\" style=\"flex-basis:35%\">\n<div class=\"wp-block-group is-vertical is-content-justification-stretch is-nowrap is-layout-flex wp-container-core-group-is-layout-73b0033c wp-block-group-is-layout-flex\">\n<figure class=\"wp-block-image size-full\"><img loading=\"lazy\" decoding=\"async\" width=\"626\" height=\"825\" src=\"https:\/\/counsellingconcepts.ca\/decolonizing-health-healing-care\/wp-content\/uploads\/sites\/6\/2025\/05\/SC.svg\" alt=\"\" class=\"wp-image-63\" style=\"aspect-ratio:3\/4;object-fit:cover\"\/><\/figure>\n\n\n\n<p class=\"has-text-align-right has-x-large-font-size\" style=\"line-height:1.2\"><a href=\"https:\/\/www.drsandracollins.com\/\" target=\"_blank\" rel=\"noreferrer noopener\">Professional Website<\/a><br><a href=\"https:\/\/www.youtube.com\/c\/SandraCollinsDr\" target=\"_blank\" rel=\"noreferrer noopener\">YouTube Channel<\/a><\/p>\n<\/div>\n<\/div>\n<\/div>\n<\/div><\/div>\n\n\n\n<div class=\"wp-block-cover alignfull is-light has-contrast-color has-text-color has-link-color wp-elements-e50b14db4ac924a227bb7e23b8a9c351\" style=\"margin-top:0;margin-bottom:0;padding-top:var(--wp--preset--spacing--60);padding-right:var(--wp--preset--spacing--50);padding-bottom:var(--wp--preset--spacing--60);padding-left:var(--wp--preset--spacing--50)\"><span aria-hidden=\"true\" class=\"wp-block-cover__background has-base-background-color has-background-dim-100 has-background-dim\"><\/span><div class=\"wp-block-cover__inner-container has-global-padding is-layout-constrained wp-container-core-cover-is-layout-873ee6b1 wp-block-cover-is-layout-constrained\">\n<div class=\"wp-block-columns alignwide is-layout-flex wp-container-core-columns-is-layout-f7efdb5d wp-block-columns-is-layout-flex\">\n<div class=\"wp-block-column is-layout-flow wp-block-column-is-layout-flow\" style=\"flex-basis:65%\">\n<div class=\"wp-block-group is-vertical is-content-justification-stretch is-layout-flex wp-container-core-group-is-layout-353c4f5a wp-block-group-is-layout-flex\">\n<h4 class=\"wp-block-heading has-text-align-left\" style=\"font-size:clamp(1.502rem, 1.502rem + ((1vw - 0.2rem) * 1.565), 2.5rem);font-style:normal;font-weight:300;letter-spacing:-0.03em;line-height:1.4\">Melissa Jay (she\/her), PhD, RPsych<\/h4>\n\n\n\n<p class=\"is-style-text-subtitle is-style-text-subtitle--3\">I write from the perspective of a cisgender nehiyaw (Cree) member of the M\u00e9tis Nation of Alberta and lifelong student of yoga philosophy. As a psychologist and associate professor at Athabasca University I acknowledge the privilege I have in navigating various spaces, including being an editor of this book. My work is centred in reciprocal relationships, decolonized healing, anti-oppressive practices, and the integration of ancient wisdom and psychology. My intention is to share trauma-informed, culturally responsive care. At <a href=\"https:\/\/www.canmorecounselling.com\" target=\"_blank\" rel=\"noreferrer noopener\">Canmore Counselling<\/a> and the <a href=\"https:\/\/www.canmorecounselling.com\/yogaschool.html\" target=\"_blank\" rel=\"noreferrer noopener\">Trauma-Informed Yoga Psychology School<\/a>, alongside my spouse and our team, I lead training programs focused on trauma-informed yoga psychology and decolonial care. We are committed to nurturing authentic, compassionate connections and to putting social justice into action through community care. I share my life with my spouse Michael and our rescue-turned-retired therapy dog, Lulu. We are privileged to currently be near the ocean, and we grateful for the L\u0259k\u0313 \u02b7\u0259\u014b\u0259n and W\u0331S\u00c1NE\u0106 Peoples and lands colonially known as Victoria. We are also grateful for our community in the mountains, Ch\u00e2 \u00dbpch\u00eech\u00eeyen Kudebi, colonially known as Canmore. Wherever I am you can find me on the land, walking, going on spontaneous food tours, cooking, being cozy, and staying connected to the people I love.<\/p>\n<\/div>\n<\/div>\n\n\n\n<div class=\"wp-block-column is-layout-flow wp-block-column-is-layout-flow\" style=\"flex-basis:35%\">\n<div class=\"wp-block-group is-vertical is-content-justification-stretch is-nowrap is-layout-flex wp-container-core-group-is-layout-73b0033c wp-block-group-is-layout-flex\">\n<figure class=\"wp-block-image size-full\"><img loading=\"lazy\" decoding=\"async\" width=\"645\" height=\"645\" src=\"https:\/\/counsellingconcepts.ca\/decolonizing-health-healing-care\/wp-content\/uploads\/sites\/6\/2025\/05\/MJ.svg\" alt=\"\" class=\"wp-image-67\" style=\"aspect-ratio:3\/4;object-fit:cover\"\/><\/figure>\n<\/div>\n\n\n\n<p class=\"has-text-align-right has-x-large-font-size\"><a href=\"https:\/\/www.athabascau.ca\/humanities-and-social-sciences\/our-people\/melissa-jay.html\" data-type=\"link\" data-id=\"https:\/\/www.athabascau.ca\/humanities-and-social-sciences\/our-people\/melissa-jay.html\">Academic Website<\/a><br><a href=\"https:\/\/www.canmorecounselling.com\/\">Professional Website<\/a><\/p>\n<\/div>\n<\/div>\n<\/div><\/div>\n","protected":false},"excerpt":{"rendered":"","protected":false},"author":1,"featured_media":0,"parent":0,"menu_order":1,"comment_status":"closed","ping_status":"closed","template":"","meta":{"_seopress_robots_primary_cat":"","_seopress_titles_title":"","_seopress_titles_desc":"","_seopress_robots_index":"","inline_featured_image":false,"_uag_custom_page_level_css":"","footnotes":""},"class_list":["post-62","page","type-page","status-publish","hentry"],"uagb_featured_image_src":{"full":false,"thumbnail":false,"medium":false,"medium_large":false,"large":false,"1536x1536":false,"2048x2048":false},"uagb_author_info":{"display_name":"SCSuPer_Admin","author_link":"https:\/\/counsellingconcepts.ca\/decolonizing-health-healing-care\/author\/scsuper_admin\/"},"uagb_comment_info":0,"uagb_excerpt":null,"_links":{"self":[{"href":"https:\/\/counsellingconcepts.ca\/decolonizing-health-healing-care\/wp-json\/wp\/v2\/pages\/62","targetHints":{"allow":["GET"]}}],"collection":[{"href":"https:\/\/counsellingconcepts.ca\/decolonizing-health-healing-care\/wp-json\/wp\/v2\/pages"}],"about":[{"href":"https:\/\/counsellingconcepts.ca\/decolonizing-health-healing-care\/wp-json\/wp\/v2\/types\/page"}],"author":[{"embeddable":true,"href":"https:\/\/counsellingconcepts.ca\/decolonizing-health-healing-care\/wp-json\/wp\/v2\/users\/1"}],"replies":[{"embeddable":true,"href":"https:\/\/counsellingconcepts.ca\/decolonizing-health-healing-care\/wp-json\/wp\/v2\/comments?post=62"}],"version-history":[{"count":6,"href":"https:\/\/counsellingconcepts.ca\/decolonizing-health-healing-care\/wp-json\/wp\/v2\/pages\/62\/revisions"}],"predecessor-version":[{"id":148,"href":"https:\/\/counsellingconcepts.ca\/decolonizing-health-healing-care\/wp-json\/wp\/v2\/pages\/62\/revisions\/148"}],"wp:attachment":[{"href":"https:\/\/counsellingconcepts.ca\/decolonizing-health-healing-care\/wp-json\/wp\/v2\/media?parent=62"}],"curies":[{"name":"wp","href":"https:\/\/api.w.org\/{rel}","templated":true}]}}